{"id":3502,"date":"2018-11-22T11:52:03","date_gmt":"2018-11-22T10:52:03","guid":{"rendered":"https:\/\/www.lescharcuteries.fr\/questions-charcuterie\/"},"modified":"2021-08-26T22:29:41","modified_gmt":"2021-08-26T20:29:41","slug":"charcuterie-questions","status":"publish","type":"page","link":"https:\/\/www.lescharcuteries.fr\/en\/charcuterie-questions\/","title":{"rendered":"Do you have a charcuterie question? Yves, Sophie, Vincent, Sandrine and their colleagues will provide a straight-talking answer. Because charcuterie is their passion."},"content":{"rendered":"","protected":false},"excerpt":{"rendered":"","protected":false},"author":18,"featured_media":2889,"parent":0,"menu_order":0,"comment_status":"closed","ping_status":"closed","template":"page-questions-charcuteries.php","meta":{"_acf_changed":false,"footnotes":""},"class_list":["post-3502","page","type-page","status-publish","has-post-thumbnail","hentry"],"acf":[],"yoast_head":"<!-- This site is optimized with the Yoast SEO plugin v27.4 - https:\/\/yoast.com\/product\/yoast-seo-wordpress\/ -->\n<title>Do you have a charcuterie question? Yves, Sophie, Vincent, Sandrine and their colleagues will provide a straight-talking answer. Because charcuterie is their passion. - Les Charcuteries<\/title>\n<meta name=\"robots\" content=\"index, follow, max-snippet:-1, max-image-preview:large, max-video-preview:-1\" \/>\n<link rel=\"canonical\" href=\"https:\/\/www.lescharcuteries.fr\/en\/charcuterie-questions\/\" \/>\n<meta property=\"og:locale\" content=\"en_US\" \/>\n<meta property=\"og:type\" content=\"article\" \/>\n<meta property=\"og:title\" content=\"Vous vous posez des questions sur la charcuterie ? Yves, Sophie, Vincent, Sandrine\u2026 et tous leurs coll\u00e8gues, vous r\u00e9pondent, en toute sinc\u00e9rit\u00e9 sur https:\/\/www.lescharcuteries.fr\/questions-charcuterie\/\" \/>\n<meta property=\"og:url\" content=\"https:\/\/www.lescharcuteries.fr\/en\/charcuterie-questions\/\" \/>\n<meta property=\"og:site_name\" content=\"Les Charcuteries\" \/>\n<meta property=\"article:modified_time\" content=\"2021-08-26T20:29:41+00:00\" \/>\n<meta property=\"og:image\" content=\"https:\/\/www.lescharcuteries.fr\/wp-content\/uploads\/2018\/11\/00-HEADER-PLATEFORME.jpg\" \/>\n\t<meta property=\"og:image:width\" content=\"1000\" \/>\n\t<meta property=\"og:image:height\" content=\"562\" \/>\n\t<meta property=\"og:image:type\" content=\"image\/jpeg\" \/>\n<meta name=\"twitter:card\" content=\"summary_large_image\" \/>\n<meta name=\"twitter:title\" content=\"Vous vous posez des questions sur la charcuterie ? Yves, Sophie, Vincent, Sandrine\u2026 et tous leurs coll\u00e8gues, vous r\u00e9pondent, en toute sinc\u00e9rit\u00e9 sur https:\/\/www.lescharcuteries.fr\/questions-charcuterie\/\" \/>\n<meta name=\"twitter:image\" content=\"https:\/\/www.lescharcuteries.fr\/wp-content\/uploads\/2018\/11\/00-HEADER-PLATEFORME.jpg\" \/>\n<script type=\"application\/ld+json\" class=\"yoast-schema-graph\">{\"@context\":\"https:\\\/\\\/schema.org\",\"@graph\":[{\"@type\":\"WebPage\",\"@id\":\"https:\\\/\\\/www.lescharcuteries.fr\\\/en\\\/charcuterie-questions\\\/\",\"url\":\"https:\\\/\\\/www.lescharcuteries.fr\\\/en\\\/charcuterie-questions\\\/\",\"name\":\"Do you have a charcuterie question? Yves, Sophie, Vincent, Sandrine and their colleagues will provide a straight-talking answer. Because charcuterie is their passion. - Les Charcuteries\",\"isPartOf\":{\"@id\":\"https:\\\/\\\/www.lescharcuteries.fr\\\/en\\\/#website\"},\"primaryImageOfPage\":{\"@id\":\"https:\\\/\\\/www.lescharcuteries.fr\\\/en\\\/charcuterie-questions\\\/#primaryimage\"},\"image\":{\"@id\":\"https:\\\/\\\/www.lescharcuteries.fr\\\/en\\\/charcuterie-questions\\\/#primaryimage\"},\"thumbnailUrl\":\"https:\\\/\\\/www.lescharcuteries.fr\\\/wp-content\\\/uploads\\\/2018\\\/11\\\/00-HEADER-PLATEFORME.jpg\",\"datePublished\":\"2018-11-22T10:52:03+00:00\",\"dateModified\":\"2021-08-26T20:29:41+00:00\",\"inLanguage\":\"en-US\",\"potentialAction\":[{\"@type\":\"ReadAction\",\"target\":[\"https:\\\/\\\/www.lescharcuteries.fr\\\/en\\\/charcuterie-questions\\\/\"]}]},{\"@type\":\"ImageObject\",\"inLanguage\":\"en-US\",\"@id\":\"https:\\\/\\\/www.lescharcuteries.fr\\\/en\\\/charcuterie-questions\\\/#primaryimage\",\"url\":\"https:\\\/\\\/www.lescharcuteries.fr\\\/wp-content\\\/uploads\\\/2018\\\/11\\\/00-HEADER-PLATEFORME.jpg\",\"contentUrl\":\"https:\\\/\\\/www.lescharcuteries.fr\\\/wp-content\\\/uploads\\\/2018\\\/11\\\/00-HEADER-PLATEFORME.jpg\",\"width\":1000,\"height\":562},{\"@type\":\"WebSite\",\"@id\":\"https:\\\/\\\/www.lescharcuteries.fr\\\/en\\\/#website\",\"url\":\"https:\\\/\\\/www.lescharcuteries.fr\\\/en\\\/\",\"name\":\"Les Charcuteries\",\"description\":\"Information and news\",\"potentialAction\":[{\"@type\":\"SearchAction\",\"target\":{\"@type\":\"EntryPoint\",\"urlTemplate\":\"https:\\\/\\\/www.lescharcuteries.fr\\\/en\\\/?s={search_term_string}\"},\"query-input\":{\"@type\":\"PropertyValueSpecification\",\"valueRequired\":true,\"valueName\":\"search_term_string\"}}],\"inLanguage\":\"en-US\"}]}<\/script>\n<!-- \/ Yoast SEO plugin. -->","yoast_head_json":{"title":"Do you have a charcuterie question? Yves, Sophie, Vincent, Sandrine and their colleagues will provide a straight-talking answer. Because charcuterie is their passion. - Les Charcuteries","robots":{"index":"index","follow":"follow","max-snippet":"max-snippet:-1","max-image-preview":"max-image-preview:large","max-video-preview":"max-video-preview:-1"},"canonical":"https:\/\/www.lescharcuteries.fr\/en\/charcuterie-questions\/","og_locale":"en_US","og_type":"article","og_title":"Vous vous posez des questions sur la charcuterie ? Yves, Sophie, Vincent, Sandrine\u2026 et tous leurs coll\u00e8gues, vous r\u00e9pondent, en toute sinc\u00e9rit\u00e9 sur https:\/\/www.lescharcuteries.fr\/questions-charcuterie\/","og_url":"https:\/\/www.lescharcuteries.fr\/en\/charcuterie-questions\/","og_site_name":"Les Charcuteries","article_modified_time":"2021-08-26T20:29:41+00:00","og_image":[{"width":1000,"height":562,"url":"https:\/\/www.lescharcuteries.fr\/wp-content\/uploads\/2018\/11\/00-HEADER-PLATEFORME.jpg","type":"image\/jpeg"}],"twitter_card":"summary_large_image","twitter_title":"Vous vous posez des questions sur la charcuterie ? Yves, Sophie, Vincent, Sandrine\u2026 et tous leurs coll\u00e8gues, vous r\u00e9pondent, en toute sinc\u00e9rit\u00e9 sur https:\/\/www.lescharcuteries.fr\/questions-charcuterie\/","twitter_image":"https:\/\/www.lescharcuteries.fr\/wp-content\/uploads\/2018\/11\/00-HEADER-PLATEFORME.jpg","schema":{"@context":"https:\/\/schema.org","@graph":[{"@type":"WebPage","@id":"https:\/\/www.lescharcuteries.fr\/en\/charcuterie-questions\/","url":"https:\/\/www.lescharcuteries.fr\/en\/charcuterie-questions\/","name":"Do you have a charcuterie question? Yves, Sophie, Vincent, Sandrine and their colleagues will provide a straight-talking answer. Because charcuterie is their passion. - Les Charcuteries","isPartOf":{"@id":"https:\/\/www.lescharcuteries.fr\/en\/#website"},"primaryImageOfPage":{"@id":"https:\/\/www.lescharcuteries.fr\/en\/charcuterie-questions\/#primaryimage"},"image":{"@id":"https:\/\/www.lescharcuteries.fr\/en\/charcuterie-questions\/#primaryimage"},"thumbnailUrl":"https:\/\/www.lescharcuteries.fr\/wp-content\/uploads\/2018\/11\/00-HEADER-PLATEFORME.jpg","datePublished":"2018-11-22T10:52:03+00:00","dateModified":"2021-08-26T20:29:41+00:00","inLanguage":"en-US","potentialAction":[{"@type":"ReadAction","target":["https:\/\/www.lescharcuteries.fr\/en\/charcuterie-questions\/"]}]},{"@type":"ImageObject","inLanguage":"en-US","@id":"https:\/\/www.lescharcuteries.fr\/en\/charcuterie-questions\/#primaryimage","url":"https:\/\/www.lescharcuteries.fr\/wp-content\/uploads\/2018\/11\/00-HEADER-PLATEFORME.jpg","contentUrl":"https:\/\/www.lescharcuteries.fr\/wp-content\/uploads\/2018\/11\/00-HEADER-PLATEFORME.jpg","width":1000,"height":562},{"@type":"WebSite","@id":"https:\/\/www.lescharcuteries.fr\/en\/#website","url":"https:\/\/www.lescharcuteries.fr\/en\/","name":"Les Charcuteries","description":"Information and news","potentialAction":[{"@type":"SearchAction","target":{"@type":"EntryPoint","urlTemplate":"https:\/\/www.lescharcuteries.fr\/en\/?s={search_term_string}"},"query-input":{"@type":"PropertyValueSpecification","valueRequired":true,"valueName":"search_term_string"}}],"inLanguage":"en-US"}]}},"_links":{"self":[{"href":"https:\/\/www.lescharcuteries.fr\/en\/wp-json\/wp\/v2\/pages\/3502","targetHints":{"allow":["GET"]}}],"collection":[{"href":"https:\/\/www.lescharcuteries.fr\/en\/wp-json\/wp\/v2\/pages"}],"about":[{"href":"https:\/\/www.lescharcuteries.fr\/en\/wp-json\/wp\/v2\/types\/page"}],"author":[{"embeddable":true,"href":"https:\/\/www.lescharcuteries.fr\/en\/wp-json\/wp\/v2\/users\/18"}],"replies":[{"embeddable":true,"href":"https:\/\/www.lescharcuteries.fr\/en\/wp-json\/wp\/v2\/comments?post=3502"}],"version-history":[{"count":5,"href":"https:\/\/www.lescharcuteries.fr\/en\/wp-json\/wp\/v2\/pages\/3502\/revisions"}],"predecessor-version":[{"id":3965,"href":"https:\/\/www.lescharcuteries.fr\/en\/wp-json\/wp\/v2\/pages\/3502\/revisions\/3965"}],"wp:featuredmedia":[{"embeddable":true,"href":"https:\/\/www.lescharcuteries.fr\/en\/wp-json\/wp\/v2\/media\/2889"}],"wp:attachment":[{"href":"https:\/\/www.lescharcuteries.fr\/en\/wp-json\/wp\/v2\/media?parent=3502"}],"curies":[{"name":"wp","href":"https:\/\/api.w.org\/{rel}","templated":true}]}}