{"id":3558,"date":"2017-03-12T17:44:00","date_gmt":"2017-03-12T16:44:00","guid":{"rendered":"https:\/\/www.lescharcuteries.fr\/a-propos\/"},"modified":"2021-08-25T16:02:29","modified_gmt":"2021-08-25T14:02:29","slug":"a-propos","status":"publish","type":"page","link":"https:\/\/www.lescharcuteries.fr\/en\/a-propos\/","title":{"rendered":"ABOUT"},"content":{"rendered":"<p><span style=\"color: #c00d4f;\">FICT &#8211; F\u00e9d\u00e9ration des Entreprises Fran\u00e7aises de Charcuterie Traiteur<\/span><\/p>\n<p><img loading=\"lazy\" decoding=\"async\" class=\"alignright wp-image-1385\" src=\"https:\/\/www.lescharcuteries.fr\/wp-content\/uploads\/2020\/06\/logo-FICT.jpg\" alt=\"\" width=\"250\" height=\"150\" \/><\/p>\n<p>The FICT acts as the voice of the French charcuterie industry. Founded in 1924, FICT represents 300 companies (90% of which are SMEs), located across the whole of France. The sector employs 32,100 people, supports 135,000 jobs and generates \u20ac6.7 billion in annual sales, 7.8% of which in exports. 84% of the 1.13 million tonne production is pork-based, 13% from poultry and 5% other meats.<\/p>\n<p>French charcuterie companies process over 75% of France\u2019s pork production.<\/p>\n<p><strong>@FICT_FRANCE &#8211; For any information on charcuteries product <\/strong><\/p>\n<p><strong>: <a class=\"external\" href=\"http:\/\/www.lescharcuteries.fr\/\" target=\"_blank\" rel=\"noopener\">www.lescharcuteries.fr<\/a><\/strong><\/p>\n","protected":false},"excerpt":{"rendered":"<p>FICT &#8211; F\u00e9d\u00e9ration des Entreprises Fran\u00e7aises de Charcuterie Traiteur The FICT acts as the voice of the French charcuterie industry. Founded in 1924, FICT represents 300 companies (90% of which are SMEs), located across the whole of France. The sector employs 32,100 people, supports 135,000 jobs and generates \u20ac6.7 billion in annual sales, 7.8% of&nbsp; <a href=\"https:\/\/www.lescharcuteries.fr\/en\/a-propos\/\">&hellip; Read more <i class=\"glyphicon glyphicon-arrow-right\"><\/i><\/a><\/p>\n","protected":false},"author":1,"featured_media":2062,"parent":0,"menu_order":0,"comment_status":"closed","ping_status":"closed","template":"","meta":{"_acf_changed":false,"footnotes":""},"class_list":["post-3558","page","type-page","status-publish","has-post-thumbnail","hentry"],"acf":[],"yoast_head":"<!-- This site is optimized with the Yoast SEO plugin v27.3 - https:\/\/yoast.com\/product\/yoast-seo-wordpress\/ -->\n<title>ABOUT - Les Charcuteries<\/title>\n<meta name=\"robots\" content=\"index, follow, max-snippet:-1, max-image-preview:large, max-video-preview:-1\" \/>\n<link rel=\"canonical\" href=\"https:\/\/www.lescharcuteries.fr\/en\/a-propos\/\" \/>\n<meta property=\"og:locale\" content=\"en_US\" \/>\n<meta property=\"og:type\" content=\"article\" \/>\n<meta property=\"og:title\" content=\"ABOUT - Les Charcuteries\" \/>\n<meta property=\"og:description\" content=\"FICT &#8211; F\u00e9d\u00e9ration des Entreprises Fran\u00e7aises de Charcuterie Traiteur The FICT acts as the voice of the French charcuterie industry. Founded in 1924, FICT represents 300 companies (90% of which are SMEs), located across the whole of France. The sector employs 32,100 people, supports 135,000 jobs and generates \u20ac6.7 billion in annual sales, 7.8% of&nbsp; &hellip; Read more\" \/>\n<meta property=\"og:url\" content=\"https:\/\/www.lescharcuteries.fr\/en\/a-propos\/\" \/>\n<meta property=\"og:site_name\" content=\"Les Charcuteries\" \/>\n<meta property=\"article:modified_time\" content=\"2021-08-25T14:02:29+00:00\" \/>\n<meta property=\"og:image\" content=\"https:\/\/www.lescharcuteries.fr\/wp-content\/uploads\/2017\/03\/VFC-charcuterie-v1-copie-970x570.jpg\" \/>\n\t<meta property=\"og:image:width\" content=\"970\" \/>\n\t<meta property=\"og:image:height\" content=\"570\" \/>\n\t<meta property=\"og:image:type\" content=\"image\/jpeg\" \/>\n<meta name=\"twitter:card\" content=\"summary_large_image\" \/>\n<meta name=\"twitter:label1\" content=\"Est. reading time\" \/>\n\t<meta name=\"twitter:data1\" content=\"1 minute\" \/>\n<script type=\"application\/ld+json\" class=\"yoast-schema-graph\">{\"@context\":\"https:\\\/\\\/schema.org\",\"@graph\":[{\"@type\":\"WebPage\",\"@id\":\"https:\\\/\\\/www.lescharcuteries.fr\\\/en\\\/a-propos\\\/\",\"url\":\"https:\\\/\\\/www.lescharcuteries.fr\\\/en\\\/a-propos\\\/\",\"name\":\"ABOUT - Les Charcuteries\",\"isPartOf\":{\"@id\":\"https:\\\/\\\/www.lescharcuteries.fr\\\/en\\\/#website\"},\"primaryImageOfPage\":{\"@id\":\"https:\\\/\\\/www.lescharcuteries.fr\\\/en\\\/a-propos\\\/#primaryimage\"},\"image\":{\"@id\":\"https:\\\/\\\/www.lescharcuteries.fr\\\/en\\\/a-propos\\\/#primaryimage\"},\"thumbnailUrl\":\"https:\\\/\\\/www.lescharcuteries.fr\\\/wp-content\\\/uploads\\\/2017\\\/03\\\/VFC-charcuterie-v1-copie.jpg\",\"datePublished\":\"2017-03-12T16:44:00+00:00\",\"dateModified\":\"2021-08-25T14:02:29+00:00\",\"inLanguage\":\"en-US\",\"potentialAction\":[{\"@type\":\"ReadAction\",\"target\":[\"https:\\\/\\\/www.lescharcuteries.fr\\\/en\\\/a-propos\\\/\"]}]},{\"@type\":\"ImageObject\",\"inLanguage\":\"en-US\",\"@id\":\"https:\\\/\\\/www.lescharcuteries.fr\\\/en\\\/a-propos\\\/#primaryimage\",\"url\":\"https:\\\/\\\/www.lescharcuteries.fr\\\/wp-content\\\/uploads\\\/2017\\\/03\\\/VFC-charcuterie-v1-copie.jpg\",\"contentUrl\":\"https:\\\/\\\/www.lescharcuteries.fr\\\/wp-content\\\/uploads\\\/2017\\\/03\\\/VFC-charcuterie-v1-copie.jpg\",\"width\":8644,\"height\":5083},{\"@type\":\"WebSite\",\"@id\":\"https:\\\/\\\/www.lescharcuteries.fr\\\/en\\\/#website\",\"url\":\"https:\\\/\\\/www.lescharcuteries.fr\\\/en\\\/\",\"name\":\"Les Charcuteries\",\"description\":\"Information and news\",\"potentialAction\":[{\"@type\":\"SearchAction\",\"target\":{\"@type\":\"EntryPoint\",\"urlTemplate\":\"https:\\\/\\\/www.lescharcuteries.fr\\\/en\\\/?s={search_term_string}\"},\"query-input\":{\"@type\":\"PropertyValueSpecification\",\"valueRequired\":true,\"valueName\":\"search_term_string\"}}],\"inLanguage\":\"en-US\"}]}<\/script>\n<!-- \/ Yoast SEO plugin. -->","yoast_head_json":{"title":"ABOUT - Les Charcuteries","robots":{"index":"index","follow":"follow","max-snippet":"max-snippet:-1","max-image-preview":"max-image-preview:large","max-video-preview":"max-video-preview:-1"},"canonical":"https:\/\/www.lescharcuteries.fr\/en\/a-propos\/","og_locale":"en_US","og_type":"article","og_title":"ABOUT - Les Charcuteries","og_description":"FICT &#8211; F\u00e9d\u00e9ration des Entreprises Fran\u00e7aises de Charcuterie Traiteur The FICT acts as the voice of the French charcuterie industry. Founded in 1924, FICT represents 300 companies (90% of which are SMEs), located across the whole of France. The sector employs 32,100 people, supports 135,000 jobs and generates \u20ac6.7 billion in annual sales, 7.8% of&nbsp; &hellip; Read more","og_url":"https:\/\/www.lescharcuteries.fr\/en\/a-propos\/","og_site_name":"Les Charcuteries","article_modified_time":"2021-08-25T14:02:29+00:00","og_image":[{"width":970,"height":570,"url":"https:\/\/www.lescharcuteries.fr\/wp-content\/uploads\/2017\/03\/VFC-charcuterie-v1-copie-970x570.jpg","type":"image\/jpeg"}],"twitter_card":"summary_large_image","twitter_misc":{"Est. reading time":"1 minute"},"schema":{"@context":"https:\/\/schema.org","@graph":[{"@type":"WebPage","@id":"https:\/\/www.lescharcuteries.fr\/en\/a-propos\/","url":"https:\/\/www.lescharcuteries.fr\/en\/a-propos\/","name":"ABOUT - Les Charcuteries","isPartOf":{"@id":"https:\/\/www.lescharcuteries.fr\/en\/#website"},"primaryImageOfPage":{"@id":"https:\/\/www.lescharcuteries.fr\/en\/a-propos\/#primaryimage"},"image":{"@id":"https:\/\/www.lescharcuteries.fr\/en\/a-propos\/#primaryimage"},"thumbnailUrl":"https:\/\/www.lescharcuteries.fr\/wp-content\/uploads\/2017\/03\/VFC-charcuterie-v1-copie.jpg","datePublished":"2017-03-12T16:44:00+00:00","dateModified":"2021-08-25T14:02:29+00:00","inLanguage":"en-US","potentialAction":[{"@type":"ReadAction","target":["https:\/\/www.lescharcuteries.fr\/en\/a-propos\/"]}]},{"@type":"ImageObject","inLanguage":"en-US","@id":"https:\/\/www.lescharcuteries.fr\/en\/a-propos\/#primaryimage","url":"https:\/\/www.lescharcuteries.fr\/wp-content\/uploads\/2017\/03\/VFC-charcuterie-v1-copie.jpg","contentUrl":"https:\/\/www.lescharcuteries.fr\/wp-content\/uploads\/2017\/03\/VFC-charcuterie-v1-copie.jpg","width":8644,"height":5083},{"@type":"WebSite","@id":"https:\/\/www.lescharcuteries.fr\/en\/#website","url":"https:\/\/www.lescharcuteries.fr\/en\/","name":"Les Charcuteries","description":"Information and news","potentialAction":[{"@type":"SearchAction","target":{"@type":"EntryPoint","urlTemplate":"https:\/\/www.lescharcuteries.fr\/en\/?s={search_term_string}"},"query-input":{"@type":"PropertyValueSpecification","valueRequired":true,"valueName":"search_term_string"}}],"inLanguage":"en-US"}]}},"_links":{"self":[{"href":"https:\/\/www.lescharcuteries.fr\/en\/wp-json\/wp\/v2\/pages\/3558","targetHints":{"allow":["GET"]}}],"collection":[{"href":"https:\/\/www.lescharcuteries.fr\/en\/wp-json\/wp\/v2\/pages"}],"about":[{"href":"https:\/\/www.lescharcuteries.fr\/en\/wp-json\/wp\/v2\/types\/page"}],"author":[{"embeddable":true,"href":"https:\/\/www.lescharcuteries.fr\/en\/wp-json\/wp\/v2\/users\/1"}],"replies":[{"embeddable":true,"href":"https:\/\/www.lescharcuteries.fr\/en\/wp-json\/wp\/v2\/comments?post=3558"}],"version-history":[{"count":4,"href":"https:\/\/www.lescharcuteries.fr\/en\/wp-json\/wp\/v2\/pages\/3558\/revisions"}],"predecessor-version":[{"id":3804,"href":"https:\/\/www.lescharcuteries.fr\/en\/wp-json\/wp\/v2\/pages\/3558\/revisions\/3804"}],"wp:featuredmedia":[{"embeddable":true,"href":"https:\/\/www.lescharcuteries.fr\/en\/wp-json\/wp\/v2\/media\/2062"}],"wp:attachment":[{"href":"https:\/\/www.lescharcuteries.fr\/en\/wp-json\/wp\/v2\/media?parent=3558"}],"curies":[{"name":"wp","href":"https:\/\/api.w.org\/{rel}","templated":true}]}}