{"id":3596,"date":"2017-03-12T17:43:47","date_gmt":"2017-03-12T16:43:47","guid":{"rendered":"https:\/\/www.lescharcuteries.fr\/alimentation-et-cancer-information-sur-les-charcuteries\/"},"modified":"2017-03-12T17:43:47","modified_gmt":"2017-03-12T16:43:47","slug":"alimentation-et-cancer-information-sur-les-charcuteries","status":"publish","type":"page","link":"https:\/\/www.lescharcuteries.fr\/en\/alimentation-et-cancer-information-sur-les-charcuteries\/","title":{"rendered":"Alimentation et cancer, information sur les charcuteries"},"content":{"rendered":"<p>R\u00e9guli\u00e8rement, des travaux de recherche sugg\u00e8rent que des consommations importantes de produits carn\u00e9s peuvent accroitre le risque de d\u00e9velopper certains cancers (principalement digestifs) prix du cialis en andorre.Le lien entre la consommation de viande \u00ab rouge \u00bb et de viande \u00ab transform\u00e9e \u00bb (charcuteries, salaisons\u2026) et l\u2019incidence de certains cancers a \u00e9t\u00e9 en particulier avanc\u00e9 dans le rapport du World Cancer Research Fund (WCRF) de 2007 et est depuis l\u2019objet de nombreuses communications.<\/p>\n","protected":false},"excerpt":{"rendered":"<p>R\u00e9guli\u00e8rement, des travaux de recherche sugg\u00e8rent que des consommations importantes de produits carn\u00e9s peuvent accroitre le risque de d\u00e9velopper certains cancers (principalement digestifs) prix du cialis en andorre.Le lien entre la consommation de viande \u00ab rouge \u00bb et de viande \u00ab transform\u00e9e \u00bb (charcuteries, salaisons\u2026) et l\u2019incidence de certains cancers a \u00e9t\u00e9 en particulier avanc\u00e9&nbsp; <a href=\"https:\/\/www.lescharcuteries.fr\/en\/alimentation-et-cancer-information-sur-les-charcuteries\/\">&hellip; Read more <i class=\"glyphicon glyphicon-arrow-right\"><\/i><\/a><\/p>\n","protected":false},"author":1,"featured_media":0,"parent":0,"menu_order":0,"comment_status":"closed","ping_status":"closed","template":"","meta":{"_acf_changed":false,"footnotes":""},"class_list":["post-3596","page","type-page","status-publish","hentry"],"acf":[],"yoast_head":"<!-- This site is optimized with the Yoast SEO plugin v27.5 - https:\/\/yoast.com\/product\/yoast-seo-wordpress\/ -->\n<title>Alimentation et cancer, information sur les charcuteries - Les Charcuteries<\/title>\n<meta name=\"robots\" content=\"index, follow, max-snippet:-1, max-image-preview:large, max-video-preview:-1\" \/>\n<link rel=\"canonical\" href=\"https:\/\/www.lescharcuteries.fr\/en\/alimentation-et-cancer-information-sur-les-charcuteries\/\" \/>\n<meta property=\"og:locale\" content=\"en_US\" \/>\n<meta property=\"og:type\" content=\"article\" \/>\n<meta property=\"og:title\" content=\"Alimentation et cancer, information sur les charcuteries - Les Charcuteries\" \/>\n<meta property=\"og:description\" content=\"R\u00e9guli\u00e8rement, des travaux de recherche sugg\u00e8rent que des consommations importantes de produits carn\u00e9s peuvent accroitre le risque de d\u00e9velopper certains cancers (principalement digestifs) prix du cialis en andorre.Le lien entre la consommation de viande \u00ab rouge \u00bb et de viande \u00ab transform\u00e9e \u00bb (charcuteries, salaisons\u2026) et l\u2019incidence de certains cancers a \u00e9t\u00e9 en particulier avanc\u00e9&nbsp; &hellip; Read more\" \/>\n<meta property=\"og:url\" content=\"https:\/\/www.lescharcuteries.fr\/en\/alimentation-et-cancer-information-sur-les-charcuteries\/\" \/>\n<meta property=\"og:site_name\" content=\"Les Charcuteries\" \/>\n<meta name=\"twitter:card\" content=\"summary_large_image\" \/>\n<script type=\"application\/ld+json\" class=\"yoast-schema-graph\">{\"@context\":\"https:\\\/\\\/schema.org\",\"@graph\":[{\"@type\":\"WebPage\",\"@id\":\"https:\\\/\\\/www.lescharcuteries.fr\\\/en\\\/alimentation-et-cancer-information-sur-les-charcuteries\\\/\",\"url\":\"https:\\\/\\\/www.lescharcuteries.fr\\\/en\\\/alimentation-et-cancer-information-sur-les-charcuteries\\\/\",\"name\":\"Alimentation et cancer, information sur les charcuteries - Les Charcuteries\",\"isPartOf\":{\"@id\":\"https:\\\/\\\/www.lescharcuteries.fr\\\/en\\\/#website\"},\"datePublished\":\"2017-03-12T16:43:47+00:00\",\"inLanguage\":\"en-US\",\"potentialAction\":[{\"@type\":\"ReadAction\",\"target\":[\"https:\\\/\\\/www.lescharcuteries.fr\\\/en\\\/alimentation-et-cancer-information-sur-les-charcuteries\\\/\"]}]},{\"@type\":\"WebSite\",\"@id\":\"https:\\\/\\\/www.lescharcuteries.fr\\\/en\\\/#website\",\"url\":\"https:\\\/\\\/www.lescharcuteries.fr\\\/en\\\/\",\"name\":\"Les Charcuteries\",\"description\":\"Information and news\",\"potentialAction\":[{\"@type\":\"SearchAction\",\"target\":{\"@type\":\"EntryPoint\",\"urlTemplate\":\"https:\\\/\\\/www.lescharcuteries.fr\\\/en\\\/?s={search_term_string}\"},\"query-input\":{\"@type\":\"PropertyValueSpecification\",\"valueRequired\":true,\"valueName\":\"search_term_string\"}}],\"inLanguage\":\"en-US\"}]}<\/script>\n<!-- \/ Yoast SEO plugin. -->","yoast_head_json":{"title":"Alimentation et cancer, information sur les charcuteries - Les Charcuteries","robots":{"index":"index","follow":"follow","max-snippet":"max-snippet:-1","max-image-preview":"max-image-preview:large","max-video-preview":"max-video-preview:-1"},"canonical":"https:\/\/www.lescharcuteries.fr\/en\/alimentation-et-cancer-information-sur-les-charcuteries\/","og_locale":"en_US","og_type":"article","og_title":"Alimentation et cancer, information sur les charcuteries - Les Charcuteries","og_description":"R\u00e9guli\u00e8rement, des travaux de recherche sugg\u00e8rent que des consommations importantes de produits carn\u00e9s peuvent accroitre le risque de d\u00e9velopper certains cancers (principalement digestifs) prix du cialis en andorre.Le lien entre la consommation de viande \u00ab rouge \u00bb et de viande \u00ab transform\u00e9e \u00bb (charcuteries, salaisons\u2026) et l\u2019incidence de certains cancers a \u00e9t\u00e9 en particulier avanc\u00e9&nbsp; &hellip; Read more","og_url":"https:\/\/www.lescharcuteries.fr\/en\/alimentation-et-cancer-information-sur-les-charcuteries\/","og_site_name":"Les Charcuteries","twitter_card":"summary_large_image","schema":{"@context":"https:\/\/schema.org","@graph":[{"@type":"WebPage","@id":"https:\/\/www.lescharcuteries.fr\/en\/alimentation-et-cancer-information-sur-les-charcuteries\/","url":"https:\/\/www.lescharcuteries.fr\/en\/alimentation-et-cancer-information-sur-les-charcuteries\/","name":"Alimentation et cancer, information sur les charcuteries - Les Charcuteries","isPartOf":{"@id":"https:\/\/www.lescharcuteries.fr\/en\/#website"},"datePublished":"2017-03-12T16:43:47+00:00","inLanguage":"en-US","potentialAction":[{"@type":"ReadAction","target":["https:\/\/www.lescharcuteries.fr\/en\/alimentation-et-cancer-information-sur-les-charcuteries\/"]}]},{"@type":"WebSite","@id":"https:\/\/www.lescharcuteries.fr\/en\/#website","url":"https:\/\/www.lescharcuteries.fr\/en\/","name":"Les Charcuteries","description":"Information and news","potentialAction":[{"@type":"SearchAction","target":{"@type":"EntryPoint","urlTemplate":"https:\/\/www.lescharcuteries.fr\/en\/?s={search_term_string}"},"query-input":{"@type":"PropertyValueSpecification","valueRequired":true,"valueName":"search_term_string"}}],"inLanguage":"en-US"}]}},"_links":{"self":[{"href":"https:\/\/www.lescharcuteries.fr\/en\/wp-json\/wp\/v2\/pages\/3596","targetHints":{"allow":["GET"]}}],"collection":[{"href":"https:\/\/www.lescharcuteries.fr\/en\/wp-json\/wp\/v2\/pages"}],"about":[{"href":"https:\/\/www.lescharcuteries.fr\/en\/wp-json\/wp\/v2\/types\/page"}],"author":[{"embeddable":true,"href":"https:\/\/www.lescharcuteries.fr\/en\/wp-json\/wp\/v2\/users\/1"}],"replies":[{"embeddable":true,"href":"https:\/\/www.lescharcuteries.fr\/en\/wp-json\/wp\/v2\/comments?post=3596"}],"version-history":[{"count":0,"href":"https:\/\/www.lescharcuteries.fr\/en\/wp-json\/wp\/v2\/pages\/3596\/revisions"}],"wp:attachment":[{"href":"https:\/\/www.lescharcuteries.fr\/en\/wp-json\/wp\/v2\/media?parent=3596"}],"curies":[{"name":"wp","href":"https:\/\/api.w.org\/{rel}","templated":true}]}}